{"id":30,"date":"2019-09-12T04:59:26","date_gmt":"2019-09-12T04:59:26","guid":{"rendered":"http:\/\/127.0.0.1\/restoneu\/?page_id=30"},"modified":"2020-08-10T16:56:52","modified_gmt":"2020-08-10T16:56:52","slug":"reservaciones","status":"publish","type":"page","link":"https:\/\/ajijictango.com\/espanol\/reservaciones\/","title":{"rendered":"Reservaciones"},"content":{"rendered":"<p>[pl_row pagelayer-id=&#8221;cz2eflAOq75aWvGa&#8221;  stretch=&#8221;auto&#8221; col_gap=&#8221;10&#8243; width_content=&#8221;auto&#8221; row_height=&#8221;default&#8221; overlay_hover_delay=&#8221;400&#8243; row_shape_top_color=&#8221;#227bc3&#8243; row_shape_top_width=&#8221;100&#8243; row_shape_top_height=&#8221;100&#8243; row_shape_bottom_color=&#8221;#e44993&#8243; row_shape_bottom_width=&#8221;100&#8243; row_shape_bottom_height=&#8221;100&#8243;]<br \/>\n[pl_col pagelayer-id=&#8221;cYG8QgypWyM8u3EY&#8221;  widget_space=&#8221;15&#8243; overlay_hover_delay=&#8221;400&#8243;]<br \/>\n[pl_heading pagelayer-id=&#8221;5QfjQmuchz62kcTH&#8221;  color=&#8221;#999966ff&#8221; ele_bg_hover_delay=&#8221;400&#8243; ele_bg_img=&#8221;http:\/\/127.0.0.1\/restoneu-pro\/wp-content\/plugins\/pagelayer\/images\/default-image.png&#8221; ele_bg_img_hover=&#8221;http:\/\/127.0.0.1\/restoneu-pro\/wp-content\/plugins\/pagelayer\/images\/default-image.png&#8221; align=&#8221;center&#8221; heading_typo=&#8221;Great Vibes,56,,,,,Solid,,,,&#8221;]<\/p>\n<p>Ajijic Tango[\/pl_heading]<br \/>\n[\/pl_col]<br \/>\n[\/pl_row]<br \/>\n[pl_row pagelayer-id=&#8221;dmKQrlatXcwftnoj&#8221;  stretch=&#8221;auto&#8221; col_gap=&#8221;10&#8243; width_content=&#8221;auto&#8221; row_height=&#8221;default&#8221; overlay_hover_delay=&#8221;400&#8243; row_shape_top_color=&#8221;#227bc3&#8243; row_shape_top_width=&#8221;100&#8243; row_shape_top_height=&#8221;100&#8243; row_shape_bottom_color=&#8221;#e44993&#8243; row_shape_bottom_width=&#8221;100&#8243; row_shape_bottom_height=&#8221;100&#8243;]<br \/>\n[pl_col pagelayer-id=&#8221;lhCJorWml7r8FPKN&#8221;  widget_space=&#8221;15&#8243; overlay_hover_delay=&#8221;400&#8243;]<br \/>\n[pl_heading pagelayer-id=&#8221;LvzEFhkyZb6KT5LV&#8221;  color=&#8221;#333333ff&#8221; ele_bg_hover_delay=&#8221;400&#8243; ele_bg_img=&#8221;http:\/\/127.0.0.1\/restoneu-pro\/wp-content\/plugins\/pagelayer\/images\/default-image.png&#8221; ele_bg_img_hover=&#8221;http:\/\/127.0.0.1\/restoneu-pro\/wp-content\/plugins\/pagelayer\/images\/default-image.png&#8221; align=&#8221;center&#8221; heading_typo=&#8221;Poppins,30,,500,,,Solid,,,,&#8221; ele_margin=&#8221;-2%,0%,0%,0%&#8221; heading_state=&#8221;normal&#8221;]<\/p>\n<p>Reservaciones[\/pl_heading]<br \/>\n[\/pl_col]<br \/>\n[\/pl_row]<br \/>\n[pl_row pagelayer-id=&#8221;xOIXdClntFF19u1f&#8221;  stretch=&#8221;auto&#8221; col_gap=&#8221;10&#8243; width_content=&#8221;auto&#8221; row_height=&#8221;default&#8221; overlay_hover_delay=&#8221;400&#8243; row_shape_top_color=&#8221;#227bc3&#8243; row_shape_top_width=&#8221;100&#8243; row_shape_top_height=&#8221;100&#8243; row_shape_bottom_color=&#8221;#e44993&#8243; row_shape_bottom_width=&#8221;100&#8243; row_shape_bottom_height=&#8221;100&#8243;]<br \/>\n[pl_col pagelayer-id=&#8221;zNRAx3ydW2HwKLUS&#8221;  widget_space=&#8221;15&#8243; overlay_hover_delay=&#8221;400&#8243;]<br \/>\n[pl_text pagelayer-id=&#8221;fuWA2NpXLcWiN2ov&#8221; ]<br \/>\n<span lang=\"ES-TRAD\">Ajijic Tango es uno de los<br \/>\npocos restaurantes de Ajijic donde es imprescindible hacer reservaciones, <span>\u00e9stas las hacemos s\u00f3lamente<\/span><br \/>\nde lunes a viernes. Si usted no realiz\u00f3 una reservaci\u00f3n, ll\u00e1menos para<br \/>\naveriguar la disponibilidad, tenemos cancelaciones de \u00faltima hora.&nbsp;<\/span><\/p>\n<div><\/p>\n<p><span lang=\"ES-TRAD\">Los s\u00e1bados y domingos<br \/>\ndebido a la gran cantidad de clientes no se hacen reservaciones, nuestra<br \/>\nrecomendaci\u00f3n es llegar lo antes posible. Aseg\u00farese de escribir su nombre en<br \/>\nnuestra lista de espera.<o:p><\/o:p><\/span><\/p>\n<p><span lang=\"ES-TRAD\"><br \/><\/span><\/p>\n<p>Lunes a jueves: 12:30 &#8211; 9:00 pm<o:p><\/o:p><\/p>\n<p><o:p>&nbsp;<\/o:p><\/p>\n<p>Viernes y s\u00e1bados: 12:30 &#8211; 10:00 pm<o:p><\/o:p><\/p>\n<p><o:p>&nbsp;<\/o:p><\/p>\n<p>Domingos: 12:30 &#8211; 7:00 pm<o:p><\/o:p><\/p>\n<\/div>\n<p>[\/pl_text]<br \/>\n[\/pl_col]<br \/>\n[\/pl_row]<br \/>\n[pl_row pagelayer-id=&#8221;HjVduvXKemR5yFew&#8221;  stretch=&#8221;auto&#8221; col_gap=&#8221;10&#8243; width_content=&#8221;auto&#8221; row_height=&#8221;default&#8221; overlay_hover_delay=&#8221;400&#8243; row_shape_top_color=&#8221;#227bc3&#8243; row_shape_top_width=&#8221;100&#8243; row_shape_top_height=&#8221;100&#8243; row_shape_bottom_color=&#8221;#e44993&#8243; row_shape_bottom_width=&#8221;100&#8243; row_shape_bottom_height=&#8221;100&#8243;]<br \/>\n[pl_col pagelayer-id=&#8221;4ENfdQbCGrYDCzsz&#8221;  widget_space=&#8221;15&#8243; overlay_hover_delay=&#8221;400&#8243;]<br \/>\n[pl_iconbox pagelayer-id=&#8221;f6248Q5JphOmNPIe&#8221;  service_icon=&#8221;fas fa-home&#8221; service_alignment=&#8221;top&#8221; service_vertical_alignment=&#8221;middle&#8221; service_icon_view=&#8221;default&#8221; service_icon_padding=&#8221;15&#8243; service_icon_state=&#8221;normal&#8221; service_icon_color=&#8221;#940730ff&#8221; service_icon_font_size=&#8221;75&#8243; service_icon_hover_delay=&#8221;400&#8243; service_bor_state=&#8221;normal&#8221; service_heading=&#8221;Direcci\u00f3n&#8221; heading_alignment=&#8221;center&#8221; service_title_spacing=&#8221;,,10,&#8221; heading_state=&#8221;normal&#8221; service_heading_color=&#8221;#940730ff&#8221; service_heading_typo=&#8221;,28,,600,,,,,,,&#8221; heading_delay=&#8221;400&#8243; service_text_alignment=&#8221;center&#8221; service_btn_hover_delay=&#8221;400&#8243;]<\/p>\n<p><span style=\"color: rgb(34, 34, 34); font-family: arial, sans-serif; text-align: left; background-color: rgb(251, 251, 249);\">Morelos 5, Centro, 45920 Ajijic, Jal.<\/span><\/p>\n<p>[\/pl_iconbox]<br \/>\n[pl_iconbox pagelayer-id=&#8221;j19priGAolk4Ndog&#8221;  service_icon=&#8221;fas fa-phone&#8221; service_alignment=&#8221;top&#8221; service_vertical_alignment=&#8221;middle&#8221; service_icon_view=&#8221;default&#8221; service_icon_padding=&#8221;15&#8243; service_icon_state=&#8221;normal&#8221; service_icon_color=&#8221;#940730ff&#8221; service_icon_font_size=&#8221;75&#8243; service_icon_hover_delay=&#8221;400&#8243; service_bor_state=&#8221;normal&#8221; service_heading=&#8221;Tel\u00e9fono&#8221; heading_alignment=&#8221;center&#8221; service_title_spacing=&#8221;,,10,&#8221; heading_state=&#8221;normal&#8221; service_heading_color=&#8221;#940730ff&#8221; service_heading_typo=&#8221;,28,,600,,,,,,,&#8221; heading_delay=&#8221;400&#8243; service_text_alignment=&#8221;center&#8221; service_btn_hover_delay=&#8221;400&#8243; box_url=&#8221;tel:376 766 2458&#8243;]<\/p>\n<p><span style=\"text-align: left; background-color: rgb(251, 251, 249);\">376 766 2458<\/span><\/p>\n<p>[\/pl_iconbox]<br \/>\n[\/pl_col]<br \/>\n[\/pl_row]<\/p>\n","protected":false},"excerpt":{"rendered":"<p>[pl_row pagelayer-id=&#8221;cz2eflAOq75aWvGa&#8221; stretch=&#8221;auto&#8221; col_gap=&#8221;10&#8243; width_content=&#8221;auto&#8221; row_height=&#8221;default&#8221; overlay_hover_delay=&#8221;400&#8243; row_shape_top_color=&#8221;#227bc3&#8243; row_shape_top_width=&#8221;100&#8243; row_shape_top_height=&#8221;100&#8243; row_shape_bottom_color=&#8221;#e44993&#8243; row_shape_bottom_width=&#8221;100&#8243; row_shape_bottom_height=&#8221;100&#8243;] [pl_col pagelayer-id=&#8221;cYG8QgypWyM8u3EY&#8221; widget_space=&#8221;15&#8243; overlay_hover_delay=&#8221;400&#8243;] [pl_heading pagelayer-id=&#8221;5QfjQmuchz62kcTH&#8221; color=&#8221;#999966ff&#8221; ele_bg_hover_delay=&#8221;400&#8243; ele_bg_img=&#8221;http:\/\/127.0.0.1\/restoneu-pro\/wp-content\/plugins\/pagelayer\/images\/default-image.png&#8221; ele_bg_img_hover=&#8221;http:\/\/127.0.0.1\/restoneu-pro\/wp-content\/plugins\/pagelayer\/images\/default-image.png&#8221; align=&#8221;center&#8221; heading_typo=&#8221;Great Vibes,56,,,,,Solid,,,,&#8221;] Ajijic Tango[\/pl_heading] [\/pl_col] [\/pl_row] [pl_row pagelayer-id=&#8221;dmKQrlatXcwftnoj&#8221; stretch=&#8221;auto&#8221; col_gap=&#8221;10&#8243; width_content=&#8221;auto&#8221; row_height=&#8221;default&#8221; overlay_hover_delay=&#8221;400&#8243; row_shape_top_color=&#8221;#227bc3&#8243; row_shape_top_width=&#8221;100&#8243; row_shape_top_height=&#8221;100&#8243; row_shape_bottom_color=&#8221;#e44993&#8243; row_shape_bottom_width=&#8221;100&#8243; row_shape_bottom_height=&#8221;100&#8243;] [pl_col pagelayer-id=&#8221;lhCJorWml7r8FPKN&#8221; widget_space=&#8221;15&#8243; overlay_hover_delay=&#8221;400&#8243;] [pl_heading pagelayer-id=&#8221;LvzEFhkyZb6KT5LV&#8221; color=&#8221;#333333ff&#8221; ele_bg_hover_delay=&#8221;400&#8243; ele_bg_img=&#8221;http:\/\/127.0.0.1\/restoneu-pro\/wp-content\/plugins\/pagelayer\/images\/default-image.png&#8221; ele_bg_img_hover=&#8221;http:\/\/127.0.0.1\/restoneu-pro\/wp-content\/plugins\/pagelayer\/images\/default-image.png&#8221; align=&#8221;center&#8221; heading_typo=&#8221;Poppins,30,,500,,,Solid,,,,&#8221; &#8230;.&nbsp;&nbsp;<a class=\" default\" href=\"https:\/\/ajijictango.com\/espanol\/reservaciones\/\">Read More<\/a><\/p>\n","protected":false},"author":1,"featured_media":0,"parent":0,"menu_order":0,"comment_status":"closed","ping_status":"closed","template":"","meta":{"pagelayer_contact_templates":[],"_pagelayer_content":"","footnotes":""},"class_list":["post-30","page","type-page","status-publish","hentry"],"_links":{"self":[{"href":"https:\/\/ajijictango.com\/espanol\/wp-json\/wp\/v2\/pages\/30","targetHints":{"allow":["GET"]}}],"collection":[{"href":"https:\/\/ajijictango.com\/espanol\/wp-json\/wp\/v2\/pages"}],"about":[{"href":"https:\/\/ajijictango.com\/espanol\/wp-json\/wp\/v2\/types\/page"}],"author":[{"embeddable":true,"href":"https:\/\/ajijictango.com\/espanol\/wp-json\/wp\/v2\/users\/1"}],"replies":[{"embeddable":true,"href":"https:\/\/ajijictango.com\/espanol\/wp-json\/wp\/v2\/comments?post=30"}],"version-history":[{"count":12,"href":"https:\/\/ajijictango.com\/espanol\/wp-json\/wp\/v2\/pages\/30\/revisions"}],"predecessor-version":[{"id":429,"href":"https:\/\/ajijictango.com\/espanol\/wp-json\/wp\/v2\/pages\/30\/revisions\/429"}],"wp:attachment":[{"href":"https:\/\/ajijictango.com\/espanol\/wp-json\/wp\/v2\/media?parent=30"}],"curies":[{"name":"wp","href":"https:\/\/api.w.org\/{rel}","templated":true}]}}