{"id":92,"date":"2019-09-11T12:41:43","date_gmt":"2019-09-11T12:41:43","guid":{"rendered":"http:\/\/127.0.0.1\/restoneu\/?page_id=8"},"modified":"2025-12-04T18:01:04","modified_gmt":"2025-12-04T18:01:04","slug":"home","status":"publish","type":"page","link":"https:\/\/ajijictango.com\/espanol\/","title":{"rendered":"Inicio"},"content":{"rendered":"\n\n\n\n\n\n\n\n\n\n\n\n\n\n\n\n\n\n\n\n\n\n\n\n\n\n\n\nBienvenido a\n\n\n\n\n\n\n\n\n\n\n<p align=\"center\" style=\"margin:0cm;margin-bottom:.0001pt;text-align:center\"><b>Ajijic Tango<\/b><span lang=\"EN-US\"><o:p><\/o:p><\/span><\/p>\n\n<p><span lang=\"ES-TRAD\">Cuando a tu paladar le apetece un buen corte<o:p><\/o:p><\/span><\/p>\n\n<p><span lang=\"ES-TRAD\">Acompa\u00f1ado con una bebida de mango<o:p><\/o:p><\/span><\/p>\n\n<p><span lang=\"ES-TRAD\">El mejor lugar para el que realmente le importe<o:p><\/o:p><\/span><\/p>\n\n<p><span>Es sin dudarlo, el Restaurant <\/span><b>Ajijic Tango.&nbsp;<\/b><b>&nbsp;<\/b><br><\/p><p><span lang=\"ES-TRAD\"><o:p>&nbsp;<\/o:p><\/span><\/p><p><span lang=\"ES-TRAD\">Sus carnes se cocinan en le\u00f1os de\nmezquite<o:p><\/o:p><\/span><\/p><p><span lang=\"ES-TRAD\">No importa si ordenas arrachera o vac\u00edo<o:p><\/o:p><\/span><\/p><p><span lang=\"ES-TRAD\">El bife de lomo o de chorizo entran al\nquite<o:p><\/o:p><\/span><\/p><p><span lang=\"ES-TRAD\">Amantes de esta comida, tendran un\nsuspiro. <o:p><\/o:p><\/span><\/p><p><span lang=\"ES-TRAD\"><o:p>&nbsp;<\/o:p><\/span><\/p><p><span lang=\"ES-TRAD\">Tenemos comida exquisita para conocedores<o:p><\/o:p><\/span><\/p><p><span lang=\"ES-TRAD\">Pasta artesanal, pizza al horno y\nensaladas<o:p><\/o:p><\/span><\/p><p><span lang=\"ES-TRAD\">Estamos sin perder de vista los pormenores<o:p><\/o:p><\/span><\/p><p><span lang=\"ES-TRAD\">Recomendamos empezar con deliciosas\nentradas.<o:p><\/o:p><\/span><\/p><p><span lang=\"ES-TRAD\"><o:p>&nbsp;<\/o:p><\/span><\/p><p><span lang=\"ES-TRAD\">Te esperamos siempre con los brazos\nabiertos <o:p><\/o:p><\/span><\/p><p><span lang=\"ES-TRAD\">Escuchar\u00e1s de nosotros desde Chiapas a\nDurango<\/span><span lang=\"ES-TRAD\"><o:p><\/o:p><\/span><\/p><p><span lang=\"ES-TRAD\">Muy puestos en la mesa est\u00e1n ya los\ncubiertos <o:p><\/o:p><\/span><\/p><p>\n\n\n\n\n\n\n\n\n\n\n\n\n\n\n\n\n\n\n\n\n\n\n\n\n\n\n\n\n\n\n\n\n\n\n\n<\/p><p><span lang=\"ES-TRAD\">Pues estamos para servirte aqu\u00ed en <b>Ajijic Tango.<\/b><o:p><\/o:p><\/span><\/p>\n\n\n\n\n\n\n\n\n\n\n\n\n\n\n<p class=\"MsoNormal\"><span lang=\"EN-US\">Pruebe nuestros excelentes vinos de todo el mundo.<o:p><\/o:p><\/span><\/p>\n\n\n\n\n\n\n\n\n\n\n\n\n<p><font color=\"#000000\">Disfruta lo mejor de la comida argentina.<\/font><\/p>\n\n\n\n\n\n\n\n\n\n\n\n\n<p>Pide tu bebida favorita en nuestro bar.<\/p>\n\n\n\n\n\n\n\n\n\n\n\n\n\n\n\n\n\n\n\n\n\n\n\n\n\n\n\n\n\n\n\n\n\n\n\n\n\n\n\n\n\n\n\n\n\n\n\n\n\n\n\n\n\n\n\n\n\n\n\n\n\n\n\n\n\n\n\n\n\n\n\n\n\n\n\n\n\n\nDescubre nuestro\n\n\n\n\n\nMEN\u00da\n\n\n\n\n\n<p class=\"MsoNormal\" style=\"line-height: 21.6pt; background-image: initial; background-position: initial; background-size: initial; background-repeat: initial; background-attachment: initial; background-origin: initial; background-clip: initial;\"><span lang=\"ES-TRAD\" style=\"font-size:10.0pt;font-family:&quot;Calibri&quot;,sans-serif;\nmso-bidi-font-family:&quot;Times New Roman&quot;;color:black;mso-ansi-language:ES-TRAD\"><\/span><\/p><span style=\"font-size: 14px;\">Para\naquellos con pura indulgencia alimentaria en mente. Ven a Ajijic y expresa tus\ndeseos con nuestra forma de cocinar inspirada en Argentina.&nbsp;\n\nNos\nencanta la comida, la comida diferente, al\nigual que a t\u00ed.<\/span><p class=\"MsoNormal\" style=\"line-height: 21.6pt; background-image: initial; background-position: initial; background-size: initial; background-repeat: initial; background-attachment: initial; background-origin: initial; background-clip: initial;\"><span lang=\"ES-TRAD\" style=\"font-size:10.0pt;\nfont-family:&quot;Calibri&quot;,sans-serif;mso-bidi-font-family:&quot;Times New Roman&quot;;\nmso-ansi-language:ES-TRAD\"><span style=\"color:black\"><\/span><\/span><span lang=\"ES-TRAD\" style=\"font-size:10.0pt;\nfont-family:&quot;Times&quot;,serif;mso-bidi-font-family:&quot;Times New Roman&quot;;color:black;\nmso-ansi-language:ES-TRAD\"><o:p><\/o:p><\/span><\/p>\n\n\n\n\n\n<h2>NUESTRO MEN\u00da COMPLETO<\/h2>\n\n\n\n\n\n\n\n\n\nIm\u00e1genes\n\n\n\n\n\nGALER\u00cdA\n\n\n\n\n\n\n\n\n\n\n\n\n\n\n\nTestimoniales\n<h3>\u00a19 de cada 10 de nuestros clientes nos recomiendan a sus amigos!<\/h3>\n\n\n\n\n<div class=\"wp-gr rpi wpac\" data-id=\"421\" data-layout=\"slider\" data-exec=\"false\" data-options='{&quot;text_size&quot;:&quot;&quot;,&quot;trans&quot;:{&quot;read more&quot;:&quot;read more&quot;}}'><svg xmlns=\"http:\/\/www.w3.org\/2000\/svg\" style=\"display:none!important\"><symbol id=\"grw-tripadvisor\" viewBox=\"0 0 713.496 713.496\"><g><circle fill=\"#34E0A1\" cx=\"356.749\" cy=\"356.748\" r=\"356.748\"\/><path d=\"M577.095,287.152l43.049-46.836h-95.465c-47.792-32.646-105.51-51.659-167.931-51.659   c-62.342,0-119.899,19.054-167.612,51.659H93.432l43.049,46.836c-26.387,24.075-42.929,58.754-42.929,97.259   c0,72.665,58.914,131.578,131.579,131.578c34.519,0,65.968-13.313,89.446-35.077l42.172,45.919l42.172-45.879   c23.478,21.764,54.887,35.037,89.406,35.037c72.665,0,131.658-58.913,131.658-131.578   C620.024,345.866,603.483,311.188,577.095,287.152z M225.17,473.458c-49.188,0-89.047-39.859-89.047-89.047   s39.86-89.048,89.047-89.048c49.187,0,89.047,39.86,89.047,89.048S274.357,473.458,225.17,473.458z M356.788,381.82   c0-58.595-42.61-108.898-98.853-130.383c30.413-12.716,63.776-19.771,98.813-19.771s68.439,7.055,98.853,19.771   C399.399,272.962,356.788,323.226,356.788,381.82z M488.367,473.458c-49.188,0-89.048-39.859-89.048-89.047   s39.86-89.048,89.048-89.048s89.047,39.86,89.047,89.048S537.554,473.458,488.367,473.458z M488.367,337.694   c-25.79,0-46.677,20.887-46.677,46.677c0,25.789,20.887,46.676,46.677,46.676c25.789,0,46.676-20.887,46.676-46.676   C535.042,358.621,514.156,337.694,488.367,337.694z M271.846,384.411c0,25.789-20.887,46.676-46.676,46.676   s-46.676-20.887-46.676-46.676c0-25.79,20.887-46.677,46.676-46.677C250.959,337.694,271.846,358.621,271.846,384.411z\"\/><\/g><\/symbol><symbol id=\"grw-google\" viewBox=\"0 0 512 512\"><g fill=\"none\" fill-rule=\"evenodd\"><path d=\"M482.56 261.36c0-16.73-1.5-32.83-4.29-48.27H256v91.29h127.01c-5.47 29.5-22.1 54.49-47.09 71.23v59.21h76.27c44.63-41.09 70.37-101.59 70.37-173.46z\" fill=\"#4285f4\"\/><path d=\"M256 492c63.72 0 117.14-21.13 156.19-57.18l-76.27-59.21c-21.13 14.16-48.17 22.53-79.92 22.53-61.47 0-113.49-41.51-132.05-97.3H45.1v61.15c38.83 77.13 118.64 130.01 210.9 130.01z\" fill=\"#34a853\"\/><path d=\"M123.95 300.84c-4.72-14.16-7.4-29.29-7.4-44.84s2.68-30.68 7.4-44.84V150.01H45.1C29.12 181.87 20 217.92 20 256c0 38.08 9.12 74.13 25.1 105.99l78.85-61.15z\" fill=\"#fbbc05\"\/><path d=\"M256 113.86c34.65 0 65.76 11.91 90.22 35.29l67.69-67.69C373.03 43.39 319.61 20 256 20c-92.25 0-172.07 52.89-210.9 130.01l78.85 61.15c18.56-55.78 70.59-97.3 132.05-97.3z\" fill=\"#ea4335\"\/><path d=\"M20 20h472v472H20V20z\"\/><\/g><\/symbol><\/svg><div class=\"grw-row grw-row-m\" data-options='{\"speed\":3,\"autoplay\":true,\"mousestop\":true,\"breakpoints\":\"\"}'><div class=\"grw-header\"><div class=\"grw-header-inner rpi-flx rpi-row12\"><div class=\"grw-img-wrap\"><img decoding=\"async\" class=\"grw-img\" src=\"https:\/\/lh3.googleusercontent.com\/places\/AKR5kUiyZ1mVxfXtsDBWRTDaaZCsZhBqxnijZhQIjc7KzRhBZkkowYI7xNthHiMG4y9Temmj_I0Ii4FPcxTsjeiasxCf8gMTrDo8q4Y=s1600-w300-h300\" loading=\"lazy\" alt=\"Ajijic Tango place picture\" width=\"50\" height=\"50\" onerror=\"if(this.src!='data:image\/gif;base64,R0lGODlhAQABAIAAAAAAAP\/\/\/yH5BAEAAAAALAAAAAABAAEAAAIBRAA7')this.src='data:image\/gif;base64,R0lGODlhAQABAIAAAAAAAP\/\/\/yH5BAEAAAAALAAAAAABAAEAAAIBRAA7';\" ><\/div><div class=\"rpi-flx rpi-col8\"><div class=\"wp-google-name\"><a href=\"https:\/\/maps.google.com\/?cid=12530022986402192415\" target=\"_blank\" rel=\"nofollow noopener\">Ajijic Tango<\/a><\/div><span class=\"rpi-stars\" style=\"--rating:4.7\">4.7<\/span><div class=\"wp-google-based\">Based on 4383 reviews<\/div><div class=\"wp-google-powered\">powered by <span><span style=\"color:#3c6df0!important\">G<\/span><span style=\"color:#d93025!important\">o<\/span><span style=\"color:#fb8e28!important\">o<\/span><span style=\"color:#3c6df0!important\">g<\/span><span style=\"color:#188038!important\">l<\/span><span style=\"color:#d93025!important\">e<\/span><\/span><\/div><div class=\"wp-google-wr\"><a href=\"https:\/\/search.google.com\/local\/writereview?placeid=ChIJa7dq0lRBL4QRH1z764SV460\" target=\"_blank\" rel=\"nofollow noopener\" onclick=\"return rplg_leave_review_window.call(this)\">review us on<svg height=\"16\" width=\"16\" role=\"none\"><use href=\"#grw-google\"><\/use><\/svg><\/a><\/div><\/div><\/div><\/div><div class=\"rpi-slides-root grw-content\"><div class=\"grw-content-inner\"><button class=\"rpi-ltgt rpi-lt grw-prev\" tabindex=\"0\"><\/button><div class=\"rpi-slides grw-reviews rpi-slides-bite\" data-count=\"10\" data-offset=\"10\"><div class=\"rpi-slide grw-review\"><div class=\"rpi-flx rpi-col12 grw-review-inner grw-backgnd\"><div class=\"rpi-flx rpi-row12-center\"><div class=\"grw-img-wrap\"><img decoding=\"async\" class=\"grw-img\" src=\"https:\/\/ajijictango.com\/espanol\/wp-content\/uploads\/2023\/07\/ChIJa7dq0lRBL4QRH1z764SV460_9587ee9bfe1cefef6c8ac270dacbc5dd.jpg\" loading=\"lazy\" alt=\"Alan P\u00e9rez profile picture\" width=\"50\" height=\"50\" onerror=\"if(this.src!='https:\/\/ajijictango.com\/espanol\/wp-content\/plugins\/widget-google-reviews\/assets\/img\/guest.png')this.src='https:\/\/ajijictango.com\/espanol\/wp-content\/plugins\/widget-google-reviews\/assets\/img\/guest.png';\" ><\/div><div class=\"rpi-flx rpi-col6\"><a href=\"https:\/\/www.google.com\/maps\/contrib\/113804885718126361783\/reviews\" class=\"wp-google-name\" target=\"_blank\" rel=\"nofollow noopener\">Alan P\u00e9rez<\/a><div class=\"wp-google-time\" data-time=\"1686619838\">01:30 13 Jun 23<\/div><\/div><\/div><span class=\"rpi-stars\" style=\"--rating:5\"><\/span><div class=\"rpi-flx rpi-col4\"><div class=\"wp-google-feedback grw-scroll\" ><span class=\"wp-google-text\">Woooow este lugar. Para empezar el lugar es enorme, siempre tienen personas llegando a todo momento, pero eso no impide que el servicio sea buen\u00edsimo. Los platillos muy ricos y las bebidas igual.<\/span><\/div><\/div><svg height=\"16\" width=\"16\" role=\"none\"><use href=\"#grw-google\"\/><\/svg><\/div><\/div><div class=\"rpi-slide grw-review\"><div class=\"rpi-flx rpi-col12 grw-review-inner grw-backgnd\"><div class=\"rpi-flx rpi-row12-center\"><div class=\"grw-img-wrap\"><img decoding=\"async\" class=\"grw-img\" src=\"https:\/\/ajijictango.com\/espanol\/wp-content\/uploads\/2023\/07\/ChIJa7dq0lRBL4QRH1z764SV460_28ea46392e32d2a62addb31786963948.jpg\" loading=\"lazy\" alt=\"Rodolfo Guillermo profile picture\" width=\"50\" height=\"50\" onerror=\"if(this.src!='https:\/\/ajijictango.com\/espanol\/wp-content\/plugins\/widget-google-reviews\/assets\/img\/guest.png')this.src='https:\/\/ajijictango.com\/espanol\/wp-content\/plugins\/widget-google-reviews\/assets\/img\/guest.png';\" ><\/div><div class=\"rpi-flx rpi-col6\"><a href=\"https:\/\/www.google.com\/maps\/contrib\/106091418011214222086\/reviews\" class=\"wp-google-name\" target=\"_blank\" rel=\"nofollow noopener\">Rodolfo Guillermo<\/a><div class=\"wp-google-time\" data-time=\"1686274377\">01:32 09 Jun 23<\/div><\/div><\/div><span class=\"rpi-stars\" style=\"--rating:5\"><\/span><div class=\"rpi-flx rpi-col4\"><div class=\"wp-google-feedback grw-scroll\" ><span class=\"wp-google-text\">La comida est\u00e1 muy bien servida y muy rica. El lugar es amplio y agradable. Bueno para las comidas de grupo. La atenci\u00f3n de las personas es muy muy amable y te reciben con un vaso de agua fr\u00eda &#x1f642;.<\/span><\/div><\/div><svg height=\"16\" width=\"16\" role=\"none\"><use href=\"#grw-google\"\/><\/svg><\/div><\/div><div class=\"rpi-slide grw-review\"><div class=\"rpi-flx rpi-col12 grw-review-inner grw-backgnd\"><div class=\"rpi-flx rpi-row12-center\"><div class=\"grw-img-wrap\"><img decoding=\"async\" class=\"grw-img\" src=\"https:\/\/ajijictango.com\/espanol\/wp-content\/uploads\/2023\/07\/ChIJa7dq0lRBL4QRH1z764SV460_23f4224acc24e5207878500806168a1a.jpg\" loading=\"lazy\" alt=\"Lili KPV profile picture\" width=\"50\" height=\"50\" onerror=\"if(this.src!='https:\/\/ajijictango.com\/espanol\/wp-content\/plugins\/widget-google-reviews\/assets\/img\/guest.png')this.src='https:\/\/ajijictango.com\/espanol\/wp-content\/plugins\/widget-google-reviews\/assets\/img\/guest.png';\" ><\/div><div class=\"rpi-flx rpi-col6\"><a href=\"https:\/\/www.google.com\/maps\/contrib\/114727802501756312384\/reviews\" class=\"wp-google-name\" target=\"_blank\" rel=\"nofollow noopener\">Lili KPV<\/a><div class=\"wp-google-time\" data-time=\"1682976616\">21:30 01 May 23<\/div><\/div><\/div><span class=\"rpi-stars\" style=\"--rating:4\"><\/span><div class=\"rpi-flx rpi-col4\"><div class=\"wp-google-feedback grw-scroll\" ><span class=\"wp-google-text\">Tarda mucho en llegar la comida.. la compensaci\u00f3n es que est\u00e1 rico.<br \/>Ped\u00ed un filete al ajillo, muy malo. Recomiendo ampliamente los cortes.. las bebidas y preparados un poco mediocres. Sin duda es un lugar al que no volver\u00eda pero tampoco me voy enojada.<\/span><\/div><\/div><svg height=\"16\" width=\"16\" role=\"none\"><use href=\"#grw-google\"\/><\/svg><\/div><\/div><div class=\"rpi-slide grw-review\"><div class=\"rpi-flx rpi-col12 grw-review-inner grw-backgnd\"><div class=\"rpi-flx rpi-row12-center\"><div class=\"grw-img-wrap\"><img decoding=\"async\" class=\"grw-img\" src=\"https:\/\/ajijictango.com\/espanol\/wp-content\/uploads\/2023\/07\/ChIJa7dq0lRBL4QRH1z764SV460_a3a7be9d8ec8b1ca0947b1f7cee67137.jpg\" loading=\"lazy\" alt=\"M\u00f3nica G. Mej\u00eda C. profile picture\" width=\"50\" height=\"50\" onerror=\"if(this.src!='https:\/\/ajijictango.com\/espanol\/wp-content\/plugins\/widget-google-reviews\/assets\/img\/guest.png')this.src='https:\/\/ajijictango.com\/espanol\/wp-content\/plugins\/widget-google-reviews\/assets\/img\/guest.png';\" ><\/div><div class=\"rpi-flx rpi-col6\"><a href=\"https:\/\/www.google.com\/maps\/contrib\/113229386219741879689\/reviews\" class=\"wp-google-name\" target=\"_blank\" rel=\"nofollow noopener\">M\u00f3nica G. Mej\u00eda C.<\/a><div class=\"wp-google-time\" data-time=\"1678582290\">00:51 12 Mar 23<\/div><\/div><\/div><span class=\"rpi-stars\" style=\"--rating:5\"><\/span><div class=\"rpi-flx rpi-col4\"><div class=\"wp-google-feedback grw-scroll\" ><span class=\"wp-google-text\">La verdad se come muy bien en este lugar; la carta es variada, yo me tard\u00e9 un poco en decidirme. Eso s\u00ed, las porciones son grandes, al menos para m\u00ed, por lo que tuve que pedir para llevar para poder comer postre. Las empanadas de carne como entrada, deliciosas. El strudel de manzana no fue de los mejores que he comido, pero est\u00e1 aceptable. Eso s\u00ed, la atenci\u00f3n est\u00e1 excelente.<\/span><\/div><\/div><svg height=\"16\" width=\"16\" role=\"none\"><use href=\"#grw-google\"\/><\/svg><\/div><\/div><div class=\"rpi-slide grw-review\"><div class=\"rpi-flx rpi-col12 grw-review-inner grw-backgnd\"><div class=\"rpi-flx rpi-row12-center\"><div class=\"grw-img-wrap\"><img decoding=\"async\" class=\"grw-img\" src=\"https:\/\/ajijictango.com\/espanol\/wp-content\/uploads\/2023\/07\/ChIJa7dq0lRBL4QRH1z764SV460_9460e1d5feedfcd818ee9b15183bdf0c.jpg\" loading=\"lazy\" alt=\"Guadalupe Barr\u00f3n profile picture\" width=\"50\" height=\"50\" onerror=\"if(this.src!='https:\/\/ajijictango.com\/espanol\/wp-content\/plugins\/widget-google-reviews\/assets\/img\/guest.png')this.src='https:\/\/ajijictango.com\/espanol\/wp-content\/plugins\/widget-google-reviews\/assets\/img\/guest.png';\" ><\/div><div class=\"rpi-flx rpi-col6\"><a href=\"https:\/\/www.google.com\/maps\/contrib\/117534484081988117088\/reviews\" class=\"wp-google-name\" target=\"_blank\" rel=\"nofollow noopener\">Guadalupe Barr\u00f3n<\/a><div class=\"wp-google-time\" data-time=\"1673923673\">02:47 17 Jan 23<\/div><\/div><\/div><span class=\"rpi-stars\" style=\"--rating:3\"><\/span><div class=\"rpi-flx rpi-col4\"><div class=\"wp-google-feedback grw-scroll\" ><span class=\"wp-google-text\">En general la comida es buena, aunque en las tres ocasiones que he visitado el restaurante me ha quedado a deber un poco alg\u00fan platillo. En esta ocasi\u00f3n fue el corte, orden\u00e9 un vac\u00edo, t\u00e9rmino 3\/4, el t\u00e9rmino no fue el correcto ya que lleg\u00f3 bien cocido, el sellado estaba quemado y la verdad arruin\u00f3 un poco el sabor, las verduras estaban un poco sobre cocidas y su sabor era un poco ins\u00edpido. La comida de las personas que me acompa\u00f1aron no tuvo ning\u00fan inconveniente. La entrada estuvo fabulosa, las bebidas y el postre de igual manera. El servicio es atento y amable, el ambiente tranquilo para una buena charla. Visita desde Guadalajara<\/span><\/div><\/div><svg height=\"16\" width=\"16\" role=\"none\"><use href=\"#grw-google\"\/><\/svg><\/div><\/div><div class=\"rpi-slide grw-review\"><div class=\"rpi-flx rpi-col12 grw-review-inner grw-backgnd\"><div class=\"rpi-flx rpi-row12-center\"><div class=\"grw-img-wrap\"><img decoding=\"async\" class=\"grw-img\" src=\"https:\/\/lh3.googleusercontent.com\/a-\/AFdZucpLIAt1vQsTJhF064k8ARtejdafQsZHVvXJF3BUVA=s128-c0x00000000-cc-rp-mo-ba4\" loading=\"lazy\" alt=\"Adri profile picture\" width=\"50\" height=\"50\" onerror=\"if(this.src!='https:\/\/ajijictango.com\/espanol\/wp-content\/plugins\/widget-google-reviews\/assets\/img\/guest.png')this.src='https:\/\/ajijictango.com\/espanol\/wp-content\/plugins\/widget-google-reviews\/assets\/img\/guest.png';\" ><\/div><div class=\"rpi-flx rpi-col6\"><a href=\"https:\/\/www.google.com\/maps\/contrib\/114082584260418653876\/reviews\" class=\"wp-google-name\" target=\"_blank\" rel=\"nofollow noopener\">Adri<\/a><div class=\"wp-google-time\" data-time=\"1662692195\">02:56 09 Sep 22<\/div><\/div><\/div><span class=\"rpi-stars\" style=\"--rating:5\"><\/span><div class=\"rpi-flx rpi-col4\"><div class=\"wp-google-feedback grw-scroll\" ><span class=\"wp-google-text\">Excelente el corte de carne en su punto, todo delicioso &#x1f60b; la atenci\u00f3n  muy bien, super comodo y relajante me encant\u00f3. Super recomendable.<\/span><\/div><\/div><svg height=\"16\" width=\"16\" role=\"none\"><use href=\"#grw-google\"\/><\/svg><\/div><\/div><div class=\"rpi-slide grw-review\"><div class=\"rpi-flx rpi-col12 grw-review-inner grw-backgnd\"><div class=\"rpi-flx rpi-row12-center\"><div class=\"grw-img-wrap\"><img decoding=\"async\" class=\"grw-img\" src=\"https:\/\/lh3.googleusercontent.com\/a-\/AFdZucr6yFN_mXO9b6F_wKacfjI71rAfnK_Ai-WXaYUk=s128-c0x00000000-cc-rp-mo\" loading=\"lazy\" alt=\"erik mejia profile picture\" width=\"50\" height=\"50\" onerror=\"if(this.src!='https:\/\/ajijictango.com\/espanol\/wp-content\/plugins\/widget-google-reviews\/assets\/img\/guest.png')this.src='https:\/\/ajijictango.com\/espanol\/wp-content\/plugins\/widget-google-reviews\/assets\/img\/guest.png';\" ><\/div><div class=\"rpi-flx rpi-col6\"><a href=\"https:\/\/www.google.com\/maps\/contrib\/111288129530152376841\/reviews\" class=\"wp-google-name\" target=\"_blank\" rel=\"nofollow noopener\">erik mejia<\/a><div class=\"wp-google-time\" data-time=\"1661572309\">03:51 27 Aug 22<\/div><\/div><\/div><span class=\"rpi-stars\" style=\"--rating:4\"><\/span><div class=\"rpi-flx rpi-col4\"><div class=\"wp-google-feedback grw-scroll\" ><span class=\"wp-google-text\">Excelente: el servicio y la limpieza del lugar.<br \/>Bueno: chorizo argentino, lasa\u00f1a y las empanadas.<br \/>Mal: el t\u00e9rmino de la carne. Pedimos t\u00e9rmino medio y llego bien cocida. El pur\u00e9 de camote ten\u00eda demasiada pimienta.<br \/>Ten\u00eda expectativas demasiado altas con el lugar y me qued\u00f3 a deber un poco.<\/span><\/div><\/div><svg height=\"16\" width=\"16\" role=\"none\"><use href=\"#grw-google\"\/><\/svg><\/div><\/div><div class=\"rpi-slide grw-review\"><div class=\"rpi-flx rpi-col12 grw-review-inner grw-backgnd\"><div class=\"rpi-flx rpi-row12-center\"><div class=\"grw-img-wrap\"><img decoding=\"async\" class=\"grw-img\" src=\"https:\/\/lh3.googleusercontent.com\/a\/AItbvmnpBtF_HYtK-L22GXVpw7yBDjLAdP65sprCaO8b=s128-c0x00000000-cc-rp-mo-ba4\" loading=\"lazy\" alt=\"Daniel Becerra profile picture\" width=\"50\" height=\"50\" onerror=\"if(this.src!='https:\/\/ajijictango.com\/espanol\/wp-content\/plugins\/widget-google-reviews\/assets\/img\/guest.png')this.src='https:\/\/ajijictango.com\/espanol\/wp-content\/plugins\/widget-google-reviews\/assets\/img\/guest.png';\" ><\/div><div class=\"rpi-flx rpi-col6\"><a href=\"https:\/\/www.google.com\/maps\/contrib\/102647006362378480443\/reviews\" class=\"wp-google-name\" target=\"_blank\" rel=\"nofollow noopener\">Daniel Becerra<\/a><div class=\"wp-google-time\" data-time=\"1657127880\">17:18 06 Jul 22<\/div><\/div><\/div><span class=\"rpi-stars\" style=\"--rating:5\"><\/span><div class=\"rpi-flx rpi-col4\"><div class=\"wp-google-feedback grw-scroll\" ><span class=\"wp-google-text\">Es un restaurante grande, la decoraci\u00f3n es agradable, mesas con sillas tipo equipales, buena atenci\u00f3n y los alimentos que pedimos estaban muy ricos, una de las mejores opciones para comer en Ajijic, el salm\u00f3n a la parrilla estaba delicioso, agua fresca del d\u00eda era sabor frambuesa, y las pizzas ten\u00edan buen sabor, aunque visualmente no se ven muy atractivas. Un lugar al que si voy a regresar.<\/span><\/div><\/div><svg height=\"16\" width=\"16\" role=\"none\"><use href=\"#grw-google\"\/><\/svg><\/div><\/div><div class=\"rpi-slide grw-review\"><div class=\"rpi-flx rpi-col12 grw-review-inner grw-backgnd\"><div class=\"rpi-flx rpi-row12-center\"><div class=\"grw-img-wrap\"><img decoding=\"async\" class=\"grw-img\" src=\"https:\/\/lh3.googleusercontent.com\/a\/AItbvmn3FKVnoPjdslbyPvt3LQ_QniAyvsESi__UucrH=s128-c0x00000000-cc-rp-mo\" loading=\"lazy\" alt=\"Silvia Lozano profile picture\" width=\"50\" height=\"50\" onerror=\"if(this.src!='https:\/\/ajijictango.com\/espanol\/wp-content\/plugins\/widget-google-reviews\/assets\/img\/guest.png')this.src='https:\/\/ajijictango.com\/espanol\/wp-content\/plugins\/widget-google-reviews\/assets\/img\/guest.png';\" ><\/div><div class=\"rpi-flx rpi-col6\"><a href=\"https:\/\/www.google.com\/maps\/contrib\/114794893349085448846\/reviews\" class=\"wp-google-name\" target=\"_blank\" rel=\"nofollow noopener\">Silvia Lozano<\/a><div class=\"wp-google-time\" data-time=\"1648567177\">15:19 29 Mar 22<\/div><\/div><\/div><span class=\"rpi-stars\" style=\"--rating:5\"><\/span><div class=\"rpi-flx rpi-col4\"><div class=\"wp-google-feedback grw-scroll\" ><span class=\"wp-google-text\">Gratamente sorprendida, excelente calidad en los cortes y entradas. Recomiendo ampliamente abrir apetito con la provoleta y guarden espacio para el pastel de chocolate!<br \/>Gran atenci\u00f3n y servicio, hermoso lugar frente al lago y un ambiente familiar y tranquilo. Una combinaci\u00f3n perfecta que te invita a repetir.<\/span><\/div><\/div><svg height=\"16\" width=\"16\" role=\"none\"><use href=\"#grw-google\"\/><\/svg><\/div><\/div><div class=\"rpi-slide grw-review\"><div class=\"rpi-flx rpi-col12 grw-review-inner grw-backgnd\"><div class=\"rpi-flx rpi-row12-center\"><div class=\"grw-img-wrap\"><img decoding=\"async\" class=\"grw-img\" src=\"https:\/\/lh3.googleusercontent.com\/a-\/AFdZucorypRCQup0LO-7BDsRIz0ha-NcWMcjLgxRnOjRMw=s128-c0x00000000-cc-rp-mo-ba4\" loading=\"lazy\" alt=\"Pau profile picture\" width=\"50\" height=\"50\" onerror=\"if(this.src!='https:\/\/ajijictango.com\/espanol\/wp-content\/plugins\/widget-google-reviews\/assets\/img\/guest.png')this.src='https:\/\/ajijictango.com\/espanol\/wp-content\/plugins\/widget-google-reviews\/assets\/img\/guest.png';\" ><\/div><div class=\"rpi-flx rpi-col6\"><a href=\"https:\/\/www.google.com\/maps\/contrib\/105978007838577816978\/reviews\" class=\"wp-google-name\" target=\"_blank\" rel=\"nofollow noopener\">Pau<\/a><div class=\"wp-google-time\" data-time=\"1640900317\">21:38 30 Dec 21<\/div><\/div><\/div><span class=\"rpi-stars\" style=\"--rating:5\"><\/span><div class=\"rpi-flx rpi-col4\"><div class=\"wp-google-feedback grw-scroll\" ><span class=\"wp-google-text\">Excelente restaurante para tener una comida completa y deliciosa. El ambiente es agradable, muy familiar. Tiene una vista muy bonita y el servicio es atento y amable. Los tiempos de espera son aceptables. La comida es deliciosa, con porciones adecuadas. Pedir para compartir es una buena opci\u00f3n para probar varias cosas. Recomiendo ensalada verde y ensalada de berros. Excelente opci\u00f3n. Aproximadamente $250 pp<\/span><\/div><\/div><svg height=\"16\" width=\"16\" role=\"none\"><use href=\"#grw-google\"\/><\/svg><\/div><\/div><\/div><button class=\"rpi-ltgt rpi-gt grw-next\" tabindex=\"0\"><\/button><div class=\"rpi-dots-wrap\"><div class=\"rpi-dots\"><\/div><\/div><\/div><\/div><\/div><script>(function(p){if(!p)return;let w=p.offsetWidth,m=function(a,b){return Math.min(a,b)===a};p.querySelector('.grw-row').classList.replace('grw-row-m','grw-row-'+(m(w,510)?'xs':m(w,750)?'x':m(w,1100)?'s':m(w,1450)?'m':m(w,1800)?'l':'xl'))})(document.currentScript?.parentElement)<\/script><\/div>\n\n\n","protected":false},"excerpt":{"rendered":"","protected":false},"author":1,"featured_media":0,"parent":0,"menu_order":0,"comment_status":"closed","ping_status":"closed","template":"","meta":{"pagelayer_contact_templates":[],"_pagelayer_content":"","footnotes":""},"class_list":["post-92","page","type-page","status-publish","hentry"],"_links":{"self":[{"href":"https:\/\/ajijictango.com\/espanol\/wp-json\/wp\/v2\/pages\/92","targetHints":{"allow":["GET"]}}],"collection":[{"href":"https:\/\/ajijictango.com\/espanol\/wp-json\/wp\/v2\/pages"}],"about":[{"href":"https:\/\/ajijictango.com\/espanol\/wp-json\/wp\/v2\/types\/page"}],"author":[{"embeddable":true,"href":"https:\/\/ajijictango.com\/espanol\/wp-json\/wp\/v2\/users\/1"}],"replies":[{"embeddable":true,"href":"https:\/\/ajijictango.com\/espanol\/wp-json\/wp\/v2\/comments?post=92"}],"version-history":[{"count":30,"href":"https:\/\/ajijictango.com\/espanol\/wp-json\/wp\/v2\/pages\/92\/revisions"}],"predecessor-version":[{"id":435,"href":"https:\/\/ajijictango.com\/espanol\/wp-json\/wp\/v2\/pages\/92\/revisions\/435"}],"wp:attachment":[{"href":"https:\/\/ajijictango.com\/espanol\/wp-json\/wp\/v2\/media?parent=92"}],"curies":[{"name":"wp","href":"https:\/\/api.w.org\/{rel}","templated":true}]}}